{"id":525,"date":"2015-11-16T10:46:58","date_gmt":"2015-11-16T08:46:58","guid":{"rendered":"http:\/\/www.nautica.ee\/fi\/?page_id=525"},"modified":"2020-04-17T11:42:12","modified_gmt":"2020-04-17T08:42:12","slug":"meista","status":"publish","type":"page","link":"https:\/\/www.nautica.ee\/fi\/meista\/","title":{"rendered":"MEIST\u00c4"},"content":{"rendered":"<h1>Tietoa kauppakeskuksesta Nautica<\/h1>\n<p>Nautica avasi ovensa 19.10.2017 mittavien rakennust\u00f6iden j\u00e4lkeen. Nautican vuokrattava kokonaispinta-ala on 18 500 m2, ja liikkeit\u00e4 on yhteens\u00e4 noin 60. Ainoa Tallinnan keskusta-alueella sijaitseva Rimi-hypermarket, uudet vapaa-ajanviettomahdollisuudet, monipuoliset ravintolat ja erinomainen sijainti Tallinnan vanhankaupungin ja sataman v\u00e4liss\u00e4 takaavat, ett\u00e4 Nautica tarjoaa verrattoman ostosel\u00e4myksen jokaiselle asiakkaalle.<\/p>\n<p>Nautica on yksi <a href=\"http:\/\/www.capfield.ee\" target=\"_blank\" rel=\"noopener noreferrer\">Capfieldin<\/a> omistamista ostoskeskuksista ja sen on suunnitellut p\u00e4\u00e4arkkitehti Mark Anders brittil\u00e4isest\u00e4 3D Reid Ltd -arkkitehtitoimistosta.<\/p>\n<h1>Capfield<\/h1>\n<p>Capfield on virolainen kauppakeskuksiin erikoistunut kiinteist\u00f6kehitysyhti\u00f6. Se omistaa Virossa kuusi kauppakeskusta, joiden vuokrattava kokonaispinta-ala on yli 80 000 m<sup>2<\/sup>, sek\u00e4 useita maa-alueita uusien keskusten rakentamista varten. Capfieldin v\u00e4hitt\u00e4iskauppaportfolio on yksi Viron suurimmista, ja sill\u00e4 on kiinteist\u00f6j\u00e4 keskusta- ja esikaupunkialueiden halutuimmilla liikepaikoilla. Kokonaispinta-alasta per\u00e4ti 65 prosenttia on merkitt\u00e4vien ankkurivuokralaisten hallussa. N\u00e4ist\u00e4 mainittakoon tunnetut paikalliset ja kansainv\u00e4liset br\u00e4ndit, kuten Bauhaus, Maxima, Prisma, Rimi, Selver, H&amp;M, Pepco, LPP (House, Sinsay ja Cropp), Sportsdirect.com, Baltika Fashion Chains, Denim Dream, Jysk, Euronics ja Apollo-kirjakaupat.<\/p>\n<p><img decoding=\"async\" class=\"alignnone size-medium wp-image-8625\" src=\"https:\/\/www.nautica.ee\/wp-content\/uploads\/2018\/06\/i-2ggb5t6-x2-800x533.jpg\" alt=\"\" width=\"800\" height=\"533\" srcset=\"https:\/\/www.nautica.ee\/wp-content\/uploads\/2018\/06\/i-2ggb5t6-x2-800x533.jpg 800w, https:\/\/www.nautica.ee\/wp-content\/uploads\/2018\/06\/i-2ggb5t6-x2-768x512.jpg 768w, https:\/\/www.nautica.ee\/wp-content\/uploads\/2018\/06\/i-2ggb5t6-x2-1200x800.jpg 1200w, https:\/\/www.nautica.ee\/wp-content\/uploads\/2018\/06\/i-2ggb5t6-x2.jpg 1280w\" sizes=\"(max-width: 800px) 100vw, 800px\" \/><\/p>\n","protected":false},"excerpt":{"rendered":"<p>Tietoa kauppakeskuksesta Nautica Nautica avasi ovensa 19.10.2017 mittavien rakennust\u00f6iden j\u00e4lkeen. Nautican vuokrattava kokonaispinta-ala on 18 500 m2, ja liikkeit\u00e4 on &#8230;<\/p>\n","protected":false},"author":2,"featured_media":0,"parent":0,"menu_order":54,"comment_status":"closed","ping_status":"closed","template":"","meta":{"_acf_changed":false,"_exactmetrics_skip_tracking":false,"_exactmetrics_sitenote_active":false,"_exactmetrics_sitenote_note":"","_exactmetrics_sitenote_category":0,"footnotes":""},"class_list":["post-525","page","type-page","status-publish","hentry"],"acf":[],"yoast_head":"<!-- This site is optimized with the Yoast SEO plugin v27.4 - https:\/\/yoast.com\/product\/yoast-seo-wordpress\/ -->\n<title>MEIST\u00c4 - Nautica<\/title>\n<meta name=\"robots\" content=\"index, follow, max-snippet:-1, max-image-preview:large, max-video-preview:-1\" \/>\n<link rel=\"canonical\" href=\"https:\/\/www.nautica.ee\/fi\/meista\/\" \/>\n<meta property=\"og:locale\" content=\"fi_FI\" \/>\n<meta property=\"og:type\" content=\"article\" \/>\n<meta property=\"og:title\" content=\"MEIST\u00c4 - Nautica\" \/>\n<meta property=\"og:description\" content=\"Tietoa kauppakeskuksesta Nautica Nautica avasi ovensa 19.10.2017 mittavien rakennust\u00f6iden j\u00e4lkeen. Nautican vuokrattava kokonaispinta-ala on 18 500 m2, ja liikkeit\u00e4 on ...\" \/>\n<meta property=\"og:url\" content=\"https:\/\/www.nautica.ee\/fi\/meista\/\" \/>\n<meta property=\"og:site_name\" content=\"Nautica\" \/>\n<meta property=\"article:publisher\" content=\"https:\/\/www.facebook.com\/nauticakeskus\" \/>\n<meta property=\"article:modified_time\" content=\"2020-04-17T08:42:12+00:00\" \/>\n<meta property=\"og:image\" content=\"https:\/\/www.nautica.ee\/wp-content\/uploads\/2018\/06\/i-2ggb5t6-x2-800x533.jpg\" \/>\n<meta name=\"twitter:card\" content=\"summary_large_image\" \/>\n<meta name=\"twitter:label1\" content=\"Arvioitu lukuaika\" \/>\n\t<meta name=\"twitter:data1\" content=\"1 minuutti\" \/>\n<script type=\"application\/ld+json\" class=\"yoast-schema-graph\">{\"@context\":\"https:\\\/\\\/schema.org\",\"@graph\":[{\"@type\":\"WebPage\",\"@id\":\"https:\\\/\\\/www.nautica.ee\\\/fi\\\/meista\\\/\",\"url\":\"https:\\\/\\\/www.nautica.ee\\\/fi\\\/meista\\\/\",\"name\":\"MEIST\u00c4 - Nautica\",\"isPartOf\":{\"@id\":\"https:\\\/\\\/www.nautica.ee\\\/#website\"},\"primaryImageOfPage\":{\"@id\":\"https:\\\/\\\/www.nautica.ee\\\/fi\\\/meista\\\/#primaryimage\"},\"image\":{\"@id\":\"https:\\\/\\\/www.nautica.ee\\\/fi\\\/meista\\\/#primaryimage\"},\"thumbnailUrl\":\"https:\\\/\\\/www.nautica.ee\\\/wp-content\\\/uploads\\\/2018\\\/06\\\/i-2ggb5t6-x2-800x533.jpg\",\"datePublished\":\"2015-11-16T08:46:58+00:00\",\"dateModified\":\"2020-04-17T08:42:12+00:00\",\"breadcrumb\":{\"@id\":\"https:\\\/\\\/www.nautica.ee\\\/fi\\\/meista\\\/#breadcrumb\"},\"inLanguage\":\"fi\",\"potentialAction\":[{\"@type\":\"ReadAction\",\"target\":[\"https:\\\/\\\/www.nautica.ee\\\/fi\\\/meista\\\/\"]}]},{\"@type\":\"ImageObject\",\"inLanguage\":\"fi\",\"@id\":\"https:\\\/\\\/www.nautica.ee\\\/fi\\\/meista\\\/#primaryimage\",\"url\":\"https:\\\/\\\/www.nautica.ee\\\/wp-content\\\/uploads\\\/2018\\\/06\\\/i-2ggb5t6-x2-800x533.jpg\",\"contentUrl\":\"https:\\\/\\\/www.nautica.ee\\\/wp-content\\\/uploads\\\/2018\\\/06\\\/i-2ggb5t6-x2-800x533.jpg\"},{\"@type\":\"BreadcrumbList\",\"@id\":\"https:\\\/\\\/www.nautica.ee\\\/fi\\\/meista\\\/#breadcrumb\",\"itemListElement\":[{\"@type\":\"ListItem\",\"position\":1,\"name\":\"Home\",\"item\":\"https:\\\/\\\/www.nautica.ee\\\/fi\\\/\"},{\"@type\":\"ListItem\",\"position\":2,\"name\":\"MEIST\u00c4\"}]},{\"@type\":\"WebSite\",\"@id\":\"https:\\\/\\\/www.nautica.ee\\\/#website\",\"url\":\"https:\\\/\\\/www.nautica.ee\\\/\",\"name\":\"Nautica\",\"description\":\"Naudinguteks loodud\",\"publisher\":{\"@id\":\"https:\\\/\\\/www.nautica.ee\\\/#organization\"},\"potentialAction\":[{\"@type\":\"SearchAction\",\"target\":{\"@type\":\"EntryPoint\",\"urlTemplate\":\"https:\\\/\\\/www.nautica.ee\\\/?s={search_term_string}\"},\"query-input\":{\"@type\":\"PropertyValueSpecification\",\"valueRequired\":true,\"valueName\":\"search_term_string\"}}],\"inLanguage\":\"fi\"},{\"@type\":\"Organization\",\"@id\":\"https:\\\/\\\/www.nautica.ee\\\/#organization\",\"name\":\"Nautica\",\"url\":\"https:\\\/\\\/www.nautica.ee\\\/\",\"logo\":{\"@type\":\"ImageObject\",\"inLanguage\":\"fi\",\"@id\":\"https:\\\/\\\/www.nautica.ee\\\/#\\\/schema\\\/logo\\\/image\\\/\",\"url\":\"https:\\\/\\\/www.nautica.ee\\\/wp-content\\\/uploads\\\/2019\\\/07\\\/logo-rgb.jpg\",\"contentUrl\":\"https:\\\/\\\/www.nautica.ee\\\/wp-content\\\/uploads\\\/2019\\\/07\\\/logo-rgb.jpg\",\"width\":4208,\"height\":5333,\"caption\":\"Nautica\"},\"image\":{\"@id\":\"https:\\\/\\\/www.nautica.ee\\\/#\\\/schema\\\/logo\\\/image\\\/\"},\"sameAs\":[\"https:\\\/\\\/www.facebook.com\\\/nauticakeskus\",\"https:\\\/\\\/www.instagram.com\\\/nauticakeskus\\\/\"]}]}<\/script>\n<!-- \/ Yoast SEO plugin. -->","yoast_head_json":{"title":"MEIST\u00c4 - Nautica","robots":{"index":"index","follow":"follow","max-snippet":"max-snippet:-1","max-image-preview":"max-image-preview:large","max-video-preview":"max-video-preview:-1"},"canonical":"https:\/\/www.nautica.ee\/fi\/meista\/","og_locale":"fi_FI","og_type":"article","og_title":"MEIST\u00c4 - Nautica","og_description":"Tietoa kauppakeskuksesta Nautica Nautica avasi ovensa 19.10.2017 mittavien rakennust\u00f6iden j\u00e4lkeen. Nautican vuokrattava kokonaispinta-ala on 18 500 m2, ja liikkeit\u00e4 on ...","og_url":"https:\/\/www.nautica.ee\/fi\/meista\/","og_site_name":"Nautica","article_publisher":"https:\/\/www.facebook.com\/nauticakeskus","article_modified_time":"2020-04-17T08:42:12+00:00","og_image":[{"url":"https:\/\/www.nautica.ee\/wp-content\/uploads\/2018\/06\/i-2ggb5t6-x2-800x533.jpg","type":"","width":"","height":""}],"twitter_card":"summary_large_image","twitter_misc":{"Arvioitu lukuaika":"1 minuutti"},"schema":{"@context":"https:\/\/schema.org","@graph":[{"@type":"WebPage","@id":"https:\/\/www.nautica.ee\/fi\/meista\/","url":"https:\/\/www.nautica.ee\/fi\/meista\/","name":"MEIST\u00c4 - Nautica","isPartOf":{"@id":"https:\/\/www.nautica.ee\/#website"},"primaryImageOfPage":{"@id":"https:\/\/www.nautica.ee\/fi\/meista\/#primaryimage"},"image":{"@id":"https:\/\/www.nautica.ee\/fi\/meista\/#primaryimage"},"thumbnailUrl":"https:\/\/www.nautica.ee\/wp-content\/uploads\/2018\/06\/i-2ggb5t6-x2-800x533.jpg","datePublished":"2015-11-16T08:46:58+00:00","dateModified":"2020-04-17T08:42:12+00:00","breadcrumb":{"@id":"https:\/\/www.nautica.ee\/fi\/meista\/#breadcrumb"},"inLanguage":"fi","potentialAction":[{"@type":"ReadAction","target":["https:\/\/www.nautica.ee\/fi\/meista\/"]}]},{"@type":"ImageObject","inLanguage":"fi","@id":"https:\/\/www.nautica.ee\/fi\/meista\/#primaryimage","url":"https:\/\/www.nautica.ee\/wp-content\/uploads\/2018\/06\/i-2ggb5t6-x2-800x533.jpg","contentUrl":"https:\/\/www.nautica.ee\/wp-content\/uploads\/2018\/06\/i-2ggb5t6-x2-800x533.jpg"},{"@type":"BreadcrumbList","@id":"https:\/\/www.nautica.ee\/fi\/meista\/#breadcrumb","itemListElement":[{"@type":"ListItem","position":1,"name":"Home","item":"https:\/\/www.nautica.ee\/fi\/"},{"@type":"ListItem","position":2,"name":"MEIST\u00c4"}]},{"@type":"WebSite","@id":"https:\/\/www.nautica.ee\/#website","url":"https:\/\/www.nautica.ee\/","name":"Nautica","description":"Naudinguteks loodud","publisher":{"@id":"https:\/\/www.nautica.ee\/#organization"},"potentialAction":[{"@type":"SearchAction","target":{"@type":"EntryPoint","urlTemplate":"https:\/\/www.nautica.ee\/?s={search_term_string}"},"query-input":{"@type":"PropertyValueSpecification","valueRequired":true,"valueName":"search_term_string"}}],"inLanguage":"fi"},{"@type":"Organization","@id":"https:\/\/www.nautica.ee\/#organization","name":"Nautica","url":"https:\/\/www.nautica.ee\/","logo":{"@type":"ImageObject","inLanguage":"fi","@id":"https:\/\/www.nautica.ee\/#\/schema\/logo\/image\/","url":"https:\/\/www.nautica.ee\/wp-content\/uploads\/2019\/07\/logo-rgb.jpg","contentUrl":"https:\/\/www.nautica.ee\/wp-content\/uploads\/2019\/07\/logo-rgb.jpg","width":4208,"height":5333,"caption":"Nautica"},"image":{"@id":"https:\/\/www.nautica.ee\/#\/schema\/logo\/image\/"},"sameAs":["https:\/\/www.facebook.com\/nauticakeskus","https:\/\/www.instagram.com\/nauticakeskus\/"]}]}},"_links":{"self":[{"href":"https:\/\/www.nautica.ee\/fi\/wp-json\/wp\/v2\/pages\/525","targetHints":{"allow":["GET"]}}],"collection":[{"href":"https:\/\/www.nautica.ee\/fi\/wp-json\/wp\/v2\/pages"}],"about":[{"href":"https:\/\/www.nautica.ee\/fi\/wp-json\/wp\/v2\/types\/page"}],"author":[{"embeddable":true,"href":"https:\/\/www.nautica.ee\/fi\/wp-json\/wp\/v2\/users\/2"}],"replies":[{"embeddable":true,"href":"https:\/\/www.nautica.ee\/fi\/wp-json\/wp\/v2\/comments?post=525"}],"version-history":[{"count":5,"href":"https:\/\/www.nautica.ee\/fi\/wp-json\/wp\/v2\/pages\/525\/revisions"}],"predecessor-version":[{"id":18429,"href":"https:\/\/www.nautica.ee\/fi\/wp-json\/wp\/v2\/pages\/525\/revisions\/18429"}],"wp:attachment":[{"href":"https:\/\/www.nautica.ee\/fi\/wp-json\/wp\/v2\/media?parent=525"}],"curies":[{"name":"wp","href":"https:\/\/api.w.org\/{rel}","templated":true}]}}