{"id":514,"date":"2015-11-16T10:44:04","date_gmt":"2015-11-16T08:44:04","guid":{"rendered":"http:\/\/www.nautica.ee\/fi\/?page_id=514"},"modified":"2026-01-07T14:40:19","modified_gmt":"2026-01-07T12:40:19","slug":"514-2","status":"publish","type":"page","link":"https:\/\/www.nautica.ee\/fi\/514-2\/","title":{"rendered":"YLEISTIEDOT"},"content":{"rendered":"<p>Norde Centrum avattiin vuonna 2002, ja siell\u00e4 on Tallinnan keskustan ainoa hypermarket. Keskuksen ainutlaatuinen sijainti Tallinnan sataman, Vanhankaupungin ja keskustan v\u00e4lill\u00e4 takaa sen, ett\u00e4 ostoskeskuksessa vierailee vuosittain yli 3,6 miljoona asiakasta.<\/p>\n<p>Meill\u00e4 on my\u00f6s 400 parkkipaikkaa, jotta voisit tulla meille ostoksille helposti ja vaivattomasti.<\/p>\n<p>Keskuksessa on t\u00e4ll\u00e4 hetkell\u00e4 32 kauppaa, ja suunnittelemme keskuksen laajentamista, jotta voisimme tarjota lis\u00e4\u00e4 kauppa- ja vapaa-ajan tiloja. Tule tutustumaan!<\/p>\n","protected":false},"excerpt":{"rendered":"<p>Norde Centrum avattiin vuonna 2002, ja siell\u00e4 on Tallinnan keskustan ainoa hypermarket. Keskuksen ainutlaatuinen sijainti Tallinnan sataman, Vanhankaupungin ja keskustan &#8230;<\/p>\n","protected":false},"author":2,"featured_media":18394,"parent":0,"menu_order":75,"comment_status":"closed","ping_status":"closed","template":"template-general-info.php","meta":{"_acf_changed":false,"_exactmetrics_skip_tracking":false,"_exactmetrics_sitenote_active":false,"_exactmetrics_sitenote_note":"","_exactmetrics_sitenote_category":0,"footnotes":""},"class_list":["post-514","page","type-page","status-publish","has-post-thumbnail","hentry"],"acf":[],"yoast_head":"<!-- This site is optimized with the Yoast SEO plugin v27.5 - https:\/\/yoast.com\/product\/yoast-seo-wordpress\/ -->\n<title>YLEISTIEDOT - Nautica<\/title>\n<meta name=\"robots\" content=\"index, follow, max-snippet:-1, max-image-preview:large, max-video-preview:-1\" \/>\n<link rel=\"canonical\" href=\"https:\/\/www.nautica.ee\/fi\/514-2\/\" \/>\n<meta property=\"og:locale\" content=\"fi_FI\" \/>\n<meta property=\"og:type\" content=\"article\" \/>\n<meta property=\"og:title\" content=\"YLEISTIEDOT - Nautica\" \/>\n<meta property=\"og:description\" content=\"Norde Centrum avattiin vuonna 2002, ja siell\u00e4 on Tallinnan keskustan ainoa hypermarket. Keskuksen ainutlaatuinen sijainti Tallinnan sataman, Vanhankaupungin ja keskustan ...\" \/>\n<meta property=\"og:url\" content=\"https:\/\/www.nautica.ee\/fi\/514-2\/\" \/>\n<meta property=\"og:site_name\" content=\"Nautica\" \/>\n<meta property=\"article:publisher\" content=\"https:\/\/www.facebook.com\/nauticakeskus\" \/>\n<meta property=\"article:modified_time\" content=\"2026-01-07T12:40:19+00:00\" \/>\n<meta property=\"og:image\" content=\"https:\/\/www.nautica.ee\/wp-content\/uploads\/2020\/04\/uld2.png\" \/>\n\t<meta property=\"og:image:width\" content=\"776\" \/>\n\t<meta property=\"og:image:height\" content=\"433\" \/>\n\t<meta property=\"og:image:type\" content=\"image\/png\" \/>\n<meta name=\"twitter:card\" content=\"summary_large_image\" \/>\n<meta name=\"twitter:label1\" content=\"Arvioitu lukuaika\" \/>\n\t<meta name=\"twitter:data1\" content=\"1 minuutti\" \/>\n<script type=\"application\/ld+json\" class=\"yoast-schema-graph\">{\"@context\":\"https:\\\/\\\/schema.org\",\"@graph\":[{\"@type\":\"WebPage\",\"@id\":\"https:\\\/\\\/www.nautica.ee\\\/fi\\\/514-2\\\/\",\"url\":\"https:\\\/\\\/www.nautica.ee\\\/fi\\\/514-2\\\/\",\"name\":\"YLEISTIEDOT - Nautica\",\"isPartOf\":{\"@id\":\"https:\\\/\\\/www.nautica.ee\\\/#website\"},\"primaryImageOfPage\":{\"@id\":\"https:\\\/\\\/www.nautica.ee\\\/fi\\\/514-2\\\/#primaryimage\"},\"image\":{\"@id\":\"https:\\\/\\\/www.nautica.ee\\\/fi\\\/514-2\\\/#primaryimage\"},\"thumbnailUrl\":\"https:\\\/\\\/www.nautica.ee\\\/wp-content\\\/uploads\\\/2020\\\/04\\\/uld2.png\",\"datePublished\":\"2015-11-16T08:44:04+00:00\",\"dateModified\":\"2026-01-07T12:40:19+00:00\",\"breadcrumb\":{\"@id\":\"https:\\\/\\\/www.nautica.ee\\\/fi\\\/514-2\\\/#breadcrumb\"},\"inLanguage\":\"fi\",\"potentialAction\":[{\"@type\":\"ReadAction\",\"target\":[\"https:\\\/\\\/www.nautica.ee\\\/fi\\\/514-2\\\/\"]}]},{\"@type\":\"ImageObject\",\"inLanguage\":\"fi\",\"@id\":\"https:\\\/\\\/www.nautica.ee\\\/fi\\\/514-2\\\/#primaryimage\",\"url\":\"https:\\\/\\\/www.nautica.ee\\\/wp-content\\\/uploads\\\/2020\\\/04\\\/uld2.png\",\"contentUrl\":\"https:\\\/\\\/www.nautica.ee\\\/wp-content\\\/uploads\\\/2020\\\/04\\\/uld2.png\",\"width\":776,\"height\":433},{\"@type\":\"BreadcrumbList\",\"@id\":\"https:\\\/\\\/www.nautica.ee\\\/fi\\\/514-2\\\/#breadcrumb\",\"itemListElement\":[{\"@type\":\"ListItem\",\"position\":1,\"name\":\"Home\",\"item\":\"https:\\\/\\\/www.nautica.ee\\\/fi\\\/\"},{\"@type\":\"ListItem\",\"position\":2,\"name\":\"YLEISTIEDOT\"}]},{\"@type\":\"WebSite\",\"@id\":\"https:\\\/\\\/www.nautica.ee\\\/#website\",\"url\":\"https:\\\/\\\/www.nautica.ee\\\/\",\"name\":\"Nautica\",\"description\":\"Naudinguteks loodud\",\"publisher\":{\"@id\":\"https:\\\/\\\/www.nautica.ee\\\/#organization\"},\"potentialAction\":[{\"@type\":\"SearchAction\",\"target\":{\"@type\":\"EntryPoint\",\"urlTemplate\":\"https:\\\/\\\/www.nautica.ee\\\/?s={search_term_string}\"},\"query-input\":{\"@type\":\"PropertyValueSpecification\",\"valueRequired\":true,\"valueName\":\"search_term_string\"}}],\"inLanguage\":\"fi\"},{\"@type\":\"Organization\",\"@id\":\"https:\\\/\\\/www.nautica.ee\\\/#organization\",\"name\":\"Nautica\",\"url\":\"https:\\\/\\\/www.nautica.ee\\\/\",\"logo\":{\"@type\":\"ImageObject\",\"inLanguage\":\"fi\",\"@id\":\"https:\\\/\\\/www.nautica.ee\\\/#\\\/schema\\\/logo\\\/image\\\/\",\"url\":\"https:\\\/\\\/www.nautica.ee\\\/wp-content\\\/uploads\\\/2019\\\/07\\\/logo-rgb.jpg\",\"contentUrl\":\"https:\\\/\\\/www.nautica.ee\\\/wp-content\\\/uploads\\\/2019\\\/07\\\/logo-rgb.jpg\",\"width\":4208,\"height\":5333,\"caption\":\"Nautica\"},\"image\":{\"@id\":\"https:\\\/\\\/www.nautica.ee\\\/#\\\/schema\\\/logo\\\/image\\\/\"},\"sameAs\":[\"https:\\\/\\\/www.facebook.com\\\/nauticakeskus\",\"https:\\\/\\\/www.instagram.com\\\/nauticakeskus\\\/\"]}]}<\/script>\n<!-- \/ Yoast SEO plugin. -->","yoast_head_json":{"title":"YLEISTIEDOT - Nautica","robots":{"index":"index","follow":"follow","max-snippet":"max-snippet:-1","max-image-preview":"max-image-preview:large","max-video-preview":"max-video-preview:-1"},"canonical":"https:\/\/www.nautica.ee\/fi\/514-2\/","og_locale":"fi_FI","og_type":"article","og_title":"YLEISTIEDOT - Nautica","og_description":"Norde Centrum avattiin vuonna 2002, ja siell\u00e4 on Tallinnan keskustan ainoa hypermarket. Keskuksen ainutlaatuinen sijainti Tallinnan sataman, Vanhankaupungin ja keskustan ...","og_url":"https:\/\/www.nautica.ee\/fi\/514-2\/","og_site_name":"Nautica","article_publisher":"https:\/\/www.facebook.com\/nauticakeskus","article_modified_time":"2026-01-07T12:40:19+00:00","og_image":[{"width":776,"height":433,"url":"https:\/\/www.nautica.ee\/wp-content\/uploads\/2020\/04\/uld2.png","type":"image\/png"}],"twitter_card":"summary_large_image","twitter_misc":{"Arvioitu lukuaika":"1 minuutti"},"schema":{"@context":"https:\/\/schema.org","@graph":[{"@type":"WebPage","@id":"https:\/\/www.nautica.ee\/fi\/514-2\/","url":"https:\/\/www.nautica.ee\/fi\/514-2\/","name":"YLEISTIEDOT - Nautica","isPartOf":{"@id":"https:\/\/www.nautica.ee\/#website"},"primaryImageOfPage":{"@id":"https:\/\/www.nautica.ee\/fi\/514-2\/#primaryimage"},"image":{"@id":"https:\/\/www.nautica.ee\/fi\/514-2\/#primaryimage"},"thumbnailUrl":"https:\/\/www.nautica.ee\/wp-content\/uploads\/2020\/04\/uld2.png","datePublished":"2015-11-16T08:44:04+00:00","dateModified":"2026-01-07T12:40:19+00:00","breadcrumb":{"@id":"https:\/\/www.nautica.ee\/fi\/514-2\/#breadcrumb"},"inLanguage":"fi","potentialAction":[{"@type":"ReadAction","target":["https:\/\/www.nautica.ee\/fi\/514-2\/"]}]},{"@type":"ImageObject","inLanguage":"fi","@id":"https:\/\/www.nautica.ee\/fi\/514-2\/#primaryimage","url":"https:\/\/www.nautica.ee\/wp-content\/uploads\/2020\/04\/uld2.png","contentUrl":"https:\/\/www.nautica.ee\/wp-content\/uploads\/2020\/04\/uld2.png","width":776,"height":433},{"@type":"BreadcrumbList","@id":"https:\/\/www.nautica.ee\/fi\/514-2\/#breadcrumb","itemListElement":[{"@type":"ListItem","position":1,"name":"Home","item":"https:\/\/www.nautica.ee\/fi\/"},{"@type":"ListItem","position":2,"name":"YLEISTIEDOT"}]},{"@type":"WebSite","@id":"https:\/\/www.nautica.ee\/#website","url":"https:\/\/www.nautica.ee\/","name":"Nautica","description":"Naudinguteks loodud","publisher":{"@id":"https:\/\/www.nautica.ee\/#organization"},"potentialAction":[{"@type":"SearchAction","target":{"@type":"EntryPoint","urlTemplate":"https:\/\/www.nautica.ee\/?s={search_term_string}"},"query-input":{"@type":"PropertyValueSpecification","valueRequired":true,"valueName":"search_term_string"}}],"inLanguage":"fi"},{"@type":"Organization","@id":"https:\/\/www.nautica.ee\/#organization","name":"Nautica","url":"https:\/\/www.nautica.ee\/","logo":{"@type":"ImageObject","inLanguage":"fi","@id":"https:\/\/www.nautica.ee\/#\/schema\/logo\/image\/","url":"https:\/\/www.nautica.ee\/wp-content\/uploads\/2019\/07\/logo-rgb.jpg","contentUrl":"https:\/\/www.nautica.ee\/wp-content\/uploads\/2019\/07\/logo-rgb.jpg","width":4208,"height":5333,"caption":"Nautica"},"image":{"@id":"https:\/\/www.nautica.ee\/#\/schema\/logo\/image\/"},"sameAs":["https:\/\/www.facebook.com\/nauticakeskus","https:\/\/www.instagram.com\/nauticakeskus\/"]}]}},"_links":{"self":[{"href":"https:\/\/www.nautica.ee\/fi\/wp-json\/wp\/v2\/pages\/514","targetHints":{"allow":["GET"]}}],"collection":[{"href":"https:\/\/www.nautica.ee\/fi\/wp-json\/wp\/v2\/pages"}],"about":[{"href":"https:\/\/www.nautica.ee\/fi\/wp-json\/wp\/v2\/types\/page"}],"author":[{"embeddable":true,"href":"https:\/\/www.nautica.ee\/fi\/wp-json\/wp\/v2\/users\/2"}],"replies":[{"embeddable":true,"href":"https:\/\/www.nautica.ee\/fi\/wp-json\/wp\/v2\/comments?post=514"}],"version-history":[{"count":5,"href":"https:\/\/www.nautica.ee\/fi\/wp-json\/wp\/v2\/pages\/514\/revisions"}],"predecessor-version":[{"id":37053,"href":"https:\/\/www.nautica.ee\/fi\/wp-json\/wp\/v2\/pages\/514\/revisions\/37053"}],"wp:featuredmedia":[{"embeddable":true,"href":"https:\/\/www.nautica.ee\/fi\/wp-json\/wp\/v2\/media\/18394"}],"wp:attachment":[{"href":"https:\/\/www.nautica.ee\/fi\/wp-json\/wp\/v2\/media?parent=514"}],"curies":[{"name":"wp","href":"https:\/\/api.w.org\/{rel}","templated":true}]}}