{"id":25180,"date":"2018-07-09T14:35:38","date_gmt":"2018-07-09T11:35:38","guid":{"rendered":"https:\/\/www.nautica.ee\/privaatsusteade\/"},"modified":"2021-08-04T11:29:55","modified_gmt":"2021-08-04T08:29:55","slug":"privaatsusteade","status":"publish","type":"page","link":"https:\/\/www.nautica.ee\/fi\/privaatsusteade\/","title":{"rendered":"TIETOSUOJAILMOITUS"},"content":{"rendered":"<div style=\"padding: 60px;\">\n<p>Kauppakeskus Nautican osalta rekisterinpit\u00e4j\u00e4n\u00e4 toimii O\u00dc Nautica Keskus, yritystunnus 14616816, Ahtri 9,\u00a010151 Tallinna, puh. +372 615 4170, s\u00e4hk\u00f6postiosoite\u00a0<a href=\"mailto:info@nautica.ee\">info@nautica.ee<\/a>.<\/p>\n<h3>Henkil\u00f6tietojen suojaus ja turvallisuus<\/h3>\n<p>O\u00dc Nautica Keskus on velvollinen suojaamaan kauppakeskuksen asiakkaiden ja k\u00e4ytt\u00e4jien henkil\u00f6tietoja ja yksityisyytt\u00e4. Noudatamme toiminnassamme asianmukaisia m\u00e4\u00e4r\u00e4yksi\u00e4 sek\u00e4 Euroopan unionin ja Viron tasavallan lakeja ja s\u00e4\u00e4d\u00f6ksi\u00e4, mukaan lukien Euroopan parlamentin ja neuvoston asetus (EU) 2016\/679.<\/p>\n<p>O\u00dc Nautica Keskus noudattaa kaikkia k\u00e4ytett\u00e4viss\u00e4 olevia varotoimenpiteit\u00e4 (mukaan lukien hallinnolliset, tekniset ja fyysiset toimenpiteet), joilla ker\u00e4ttyj\u00e4 henkil\u00f6tietoja voidaan suojata. Tietoja p\u00e4\u00e4sev\u00e4t muokkaamaan ja k\u00e4sittelem\u00e4\u00e4n vain siihen valtuutetut henkil\u00f6t. Henkil\u00f6tietoja s\u00e4ilytet\u00e4\u00e4n palvelimilla, jotka sijaitsevat Euroopan unionin j\u00e4senvaltioiden tai Euroopan talousalueeseen kuuluvien valtioiden alueella.<\/p>\n<h3>Henkil\u00f6tietotyypit ja niiden k\u00e4sittelyn tarkoitus<\/h3>\n<p>Me kogume ja t\u00f6\u00f6tleme:<\/p>\n<p>Ker\u00e4\u00e4mme ja k\u00e4sittelemme seuraavanlaisia tietoja:<\/p>\n<p>1) Luonnollisiin henkil\u00f6ihin suoraan tai v\u00e4lillisesti liittyvi\u00e4 henkil\u00f6tietoja, joita voivat olla etu- ja sukunimi, henkil\u00f6tunnus, osoite, puhelinnumero, postinumero, s\u00e4hk\u00f6postiosoite. Henkil\u00f6tietojen ker\u00e4\u00e4misen ja k\u00e4sittelyn tarkoituksena on henkil\u00f6n kanssa solmitun sopimuksen t\u00e4ytt\u00e4minen, yhteydenpito, markkinointiin liittyvien tietojen l\u00e4hett\u00e4minen tai lakis\u00e4\u00e4teisten velvollisuuksien t\u00e4ytt\u00e4minen.<\/p>\n<p>Jos annat kauppakeskus Nauticaan liittyvien verkkosivujen kautta tai muulla markkinointitoimenpiteisiin liittyv\u00e4ll\u00e4 tavalla suostumuksen henkil\u00f6tietojesi k\u00e4sittelyyn, O\u00dc Nautica Keskus saa k\u00e4sitell\u00e4 henkil\u00f6tietojasi seuraavilla perusteilla:<\/p>\n<ul>\n<li>l\u00e4hett\u00e4\u00e4kseen sinulle tarjouksia, uutiskirjeit\u00e4, kuvastoja ja mit\u00e4 tahansa muuta markkinointiin liittyv\u00e4\u00e4 materiaalia, jotta pysyt ajan tasalla kauppakeskus Nautican tuotteista, palveluista ja tapahtumista sek\u00e4 toiminnasta yleens\u00e4<\/li>\n<li>tehd\u00e4kseen asiakastyytyv\u00e4isyys- tai palautekyselyit\u00e4 my\u00f6s esimerkiksi ottamalla yhteytt\u00e4 sen j\u00e4lkeen, kun kysely on valmistunut.<\/li>\n<\/ul>\n<p>2) Muita kuin henkil\u00f6tietoja eli tietoja, joita ei voi yhdist\u00e4\u00e4 kehenk\u00e4\u00e4n tiettyyn henkil\u00f6\u00f6n. T\u00e4llaisia tietoja voivat olla kauppakeskus Nauticaan liittyvill\u00e4 verkkosivuilla suoritettuja toimintoja ja verkkosivujen k\u00e4ytt\u00f6\u00e4 koskevat tiedot,\u00a0joita ker\u00e4t\u00e4\u00e4n ev\u00e4steiden avulla ja joita hy\u00f6dynnet\u00e4\u00e4n verkkotilastoinnissa ja asiakaspalvelun kehitt\u00e4misess\u00e4.<\/p>\n<h3>Tietojen luovutus kolmansille osapuolille ja valtuutetuille henkil\u00f6ille<\/h3>\n<p>Emme luovuta, myy emmek\u00e4 paljasta tietojasi kolmansille osapuolille ilman ennakkoon antamaasi suostumusta, paitsi laissa ja asetuksissa s\u00e4\u00e4detyiss\u00e4 tapauksissa.<\/p>\n<p>O\u00dc Nautica Keskus on oikeutettu luovuttamaan henkil\u00f6tietoja yrityksille, jotka kuuluvat samaan konserniin kuin O\u00dc Nautica Keskus.<\/p>\n<h3>Tietojen tarkastaminen, korjaaminen ja poistaminen rekisterist\u00e4<\/h3>\n<p>Sinulla on oikeus perua suostumuksesi henkil\u00f6tietojen k\u00e4ytt\u00f6\u00f6n koska tahansa tietosuojalaissa s\u00e4\u00e4detyin edellytyksin. Tietosuojalain mukaan sinulla on oikeus saada tiet\u00e4\u00e4, mit\u00e4 sinua koskevia henkil\u00f6tietoja rekistereihin on tallennettu ja miten tietoja k\u00e4sitell\u00e4\u00e4n, vaatia virheellisten henkil\u00f6tietojen korjaamista ja tapauksissa, joissa laki kielt\u00e4\u00e4 henkil\u00f6tietojen k\u00e4sittelyn, vaatia henkil\u00f6tietojesi k\u00e4sittelyn lopettamista, sulkemista ja poistamista.<\/p>\n<p>Jos et halua en\u00e4\u00e4 vastaanottaa lainkaan suoramainontaa tai jotakin tietty\u00e4 teemaa koskevaa markkinointia, voit kielt\u00e4\u00e4 sen suoraan jokaisen l\u00e4hett\u00e4m\u00e4mme suoramarkkinointikirjeen alaosassa olevasta linkist\u00e4. Muutos tulee voimaan v\u00e4litt\u00f6m\u00e4sti.<\/p>\n<p>Jos sinulla on omiin henkil\u00f6tietoihisi tai tietosuojak\u00e4yt\u00e4nt\u00f6ihimme liittyvi\u00e4 kysymyksi\u00e4, voit ottaa yhteytt\u00e4 osoitteeseen\u00a0<a href=\"mailto:info@nautica.ee\">info@nautica.ee<\/a>. Kiistatilanteissa sinulla on oikeus k\u00e4\u00e4nty\u00e4 my\u00f6s Viron tietosuojavaltuutetun (V\u00e4ike-Ameerika 19, 10129 Tallinna;\u00a0<a href=\"https:\/\/www.aki.ee\/\">www.aki.ee<\/a>;\u00a0<a href=\"mailto:info@aki.ee\">info@aki.ee<\/a>) tai toimivaltaisen tuomioistuimen puoleen.<\/p>\n<h3>Tietojen s\u00e4ilytt\u00e4minen<\/h3>\n<p>Henkil\u00f6tietoja s\u00e4ilytet\u00e4\u00e4n seitsem\u00e4n (7) vuotta viimeisen yhteydenoton j\u00e4lkeen johtuen kirjanpitolain velvoitteesta todentaa liiketapahtumat t\u00e4lt\u00e4 ajalta. Yhteydenotoksi katsotaan muun muassa suoramainontaan reagoiminen katsomalla tai linkki\u00e4 napsauttamalla.<\/p>\n<p>Muita kuin henkil\u00f6tietoja eli verkkosivujen ja palveluj\u00e4rjestelmien ker\u00e4\u00e4mi\u00e4 teknisi\u00e4 tietoja s\u00e4ilytet\u00e4\u00e4n toistaiseksi.<\/p>\n<h3>Tietosuojak\u00e4yt\u00e4nt\u00f6jen ehdot ja muutokset<\/h3>\n<p>Verkkosivujemme ja\/tai palveluj\u00e4rjestelmiemme k\u00e4ytt\u00f6 on osoitus oheisten periaatteiden ja ehtojen tuntemisesta ja hyv\u00e4ksymisest\u00e4. O\u00dc Nautica Keskus pid\u00e4tt\u00e4\u00e4 oikeuden muuttaa tietosuojak\u00e4yt\u00e4nt\u00f6jens\u00e4 ehtoja ja tiedottaa muutoksista asiakkaille kotisivuillaan, s\u00e4hk\u00f6postitse tai jollakin muulla tavalla.<\/p>\n<\/div>\n","protected":false},"excerpt":{"rendered":"<p>Kauppakeskus Nautican osalta rekisterinpit\u00e4j\u00e4n\u00e4 toimii O\u00dc Nautica Keskus, yritystunnus 14616816, Ahtri 9,\u00a010151 Tallinna, puh. +372 615 4170, s\u00e4hk\u00f6postiosoite\u00a0info@nautica.ee. Henkil\u00f6tietojen suojaus &#8230;<\/p>\n","protected":false},"author":2,"featured_media":18417,"parent":0,"menu_order":33,"comment_status":"closed","ping_status":"closed","template":"template-page-fullwidth.php","meta":{"_acf_changed":false,"_exactmetrics_skip_tracking":false,"_exactmetrics_sitenote_active":false,"_exactmetrics_sitenote_note":"","_exactmetrics_sitenote_category":0,"footnotes":""},"class_list":["post-25180","page","type-page","status-publish","has-post-thumbnail","hentry"],"acf":[],"yoast_head":"<!-- This site is optimized with the Yoast SEO plugin v27.6 - https:\/\/yoast.com\/product\/yoast-seo-wordpress\/ -->\n<title>TIETOSUOJAILMOITUS - Nautica<\/title>\n<meta name=\"robots\" content=\"index, follow, max-snippet:-1, max-image-preview:large, max-video-preview:-1\" \/>\n<link rel=\"canonical\" href=\"https:\/\/www.nautica.ee\/fi\/privaatsusteade\/\" \/>\n<meta property=\"og:locale\" content=\"fi_FI\" \/>\n<meta property=\"og:type\" content=\"article\" \/>\n<meta property=\"og:title\" content=\"TIETOSUOJAILMOITUS - Nautica\" \/>\n<meta property=\"og:description\" content=\"Kauppakeskus Nautican osalta rekisterinpit\u00e4j\u00e4n\u00e4 toimii O\u00dc Nautica Keskus, yritystunnus 14616816, Ahtri 9,\u00a010151 Tallinna, puh. +372 615 4170, s\u00e4hk\u00f6postiosoite\u00a0info@nautica.ee. Henkil\u00f6tietojen suojaus ...\" \/>\n<meta property=\"og:url\" content=\"https:\/\/www.nautica.ee\/fi\/privaatsusteade\/\" \/>\n<meta property=\"og:site_name\" content=\"Nautica\" \/>\n<meta property=\"article:publisher\" content=\"https:\/\/www.facebook.com\/nauticakeskus\" \/>\n<meta property=\"article:modified_time\" content=\"2021-08-04T08:29:55+00:00\" \/>\n<meta property=\"og:image\" content=\"https:\/\/www.nautica.ee\/wp-content\/uploads\/2020\/04\/img_7434_v_maristomba.jpg\" \/>\n\t<meta property=\"og:image:width\" content=\"2048\" \/>\n\t<meta property=\"og:image:height\" content=\"1365\" \/>\n\t<meta property=\"og:image:type\" content=\"image\/jpeg\" \/>\n<meta name=\"twitter:card\" content=\"summary_large_image\" \/>\n<meta name=\"twitter:label1\" content=\"Arvioitu lukuaika\" \/>\n\t<meta name=\"twitter:data1\" content=\"3 minuuttia\" \/>\n<script type=\"application\/ld+json\" class=\"yoast-schema-graph\">{\"@context\":\"https:\\\/\\\/schema.org\",\"@graph\":[{\"@type\":\"WebPage\",\"@id\":\"https:\\\/\\\/www.nautica.ee\\\/fi\\\/privaatsusteade\\\/\",\"url\":\"https:\\\/\\\/www.nautica.ee\\\/fi\\\/privaatsusteade\\\/\",\"name\":\"TIETOSUOJAILMOITUS - Nautica\",\"isPartOf\":{\"@id\":\"https:\\\/\\\/www.nautica.ee\\\/#website\"},\"primaryImageOfPage\":{\"@id\":\"https:\\\/\\\/www.nautica.ee\\\/fi\\\/privaatsusteade\\\/#primaryimage\"},\"image\":{\"@id\":\"https:\\\/\\\/www.nautica.ee\\\/fi\\\/privaatsusteade\\\/#primaryimage\"},\"thumbnailUrl\":\"https:\\\/\\\/www.nautica.ee\\\/wp-content\\\/uploads\\\/2020\\\/04\\\/img_7434_v_maristomba.jpg\",\"datePublished\":\"2018-07-09T11:35:38+00:00\",\"dateModified\":\"2021-08-04T08:29:55+00:00\",\"breadcrumb\":{\"@id\":\"https:\\\/\\\/www.nautica.ee\\\/fi\\\/privaatsusteade\\\/#breadcrumb\"},\"inLanguage\":\"fi\",\"potentialAction\":[{\"@type\":\"ReadAction\",\"target\":[\"https:\\\/\\\/www.nautica.ee\\\/fi\\\/privaatsusteade\\\/\"]}]},{\"@type\":\"ImageObject\",\"inLanguage\":\"fi\",\"@id\":\"https:\\\/\\\/www.nautica.ee\\\/fi\\\/privaatsusteade\\\/#primaryimage\",\"url\":\"https:\\\/\\\/www.nautica.ee\\\/wp-content\\\/uploads\\\/2020\\\/04\\\/img_7434_v_maristomba.jpg\",\"contentUrl\":\"https:\\\/\\\/www.nautica.ee\\\/wp-content\\\/uploads\\\/2020\\\/04\\\/img_7434_v_maristomba.jpg\",\"width\":2048,\"height\":1365},{\"@type\":\"BreadcrumbList\",\"@id\":\"https:\\\/\\\/www.nautica.ee\\\/fi\\\/privaatsusteade\\\/#breadcrumb\",\"itemListElement\":[{\"@type\":\"ListItem\",\"position\":1,\"name\":\"Home\",\"item\":\"https:\\\/\\\/www.nautica.ee\\\/fi\\\/\"},{\"@type\":\"ListItem\",\"position\":2,\"name\":\"TIETOSUOJAILMOITUS\"}]},{\"@type\":\"WebSite\",\"@id\":\"https:\\\/\\\/www.nautica.ee\\\/#website\",\"url\":\"https:\\\/\\\/www.nautica.ee\\\/\",\"name\":\"Nautica\",\"description\":\"Naudinguteks loodud\",\"publisher\":{\"@id\":\"https:\\\/\\\/www.nautica.ee\\\/#organization\"},\"potentialAction\":[{\"@type\":\"SearchAction\",\"target\":{\"@type\":\"EntryPoint\",\"urlTemplate\":\"https:\\\/\\\/www.nautica.ee\\\/?s={search_term_string}\"},\"query-input\":{\"@type\":\"PropertyValueSpecification\",\"valueRequired\":true,\"valueName\":\"search_term_string\"}}],\"inLanguage\":\"fi\"},{\"@type\":\"Organization\",\"@id\":\"https:\\\/\\\/www.nautica.ee\\\/#organization\",\"name\":\"Nautica\",\"url\":\"https:\\\/\\\/www.nautica.ee\\\/\",\"logo\":{\"@type\":\"ImageObject\",\"inLanguage\":\"fi\",\"@id\":\"https:\\\/\\\/www.nautica.ee\\\/#\\\/schema\\\/logo\\\/image\\\/\",\"url\":\"https:\\\/\\\/www.nautica.ee\\\/wp-content\\\/uploads\\\/2019\\\/07\\\/logo-rgb.jpg\",\"contentUrl\":\"https:\\\/\\\/www.nautica.ee\\\/wp-content\\\/uploads\\\/2019\\\/07\\\/logo-rgb.jpg\",\"width\":4208,\"height\":5333,\"caption\":\"Nautica\"},\"image\":{\"@id\":\"https:\\\/\\\/www.nautica.ee\\\/#\\\/schema\\\/logo\\\/image\\\/\"},\"sameAs\":[\"https:\\\/\\\/www.facebook.com\\\/nauticakeskus\",\"https:\\\/\\\/www.instagram.com\\\/nauticakeskus\\\/\"]}]}<\/script>\n<!-- \/ Yoast SEO plugin. -->","yoast_head_json":{"title":"TIETOSUOJAILMOITUS - Nautica","robots":{"index":"index","follow":"follow","max-snippet":"max-snippet:-1","max-image-preview":"max-image-preview:large","max-video-preview":"max-video-preview:-1"},"canonical":"https:\/\/www.nautica.ee\/fi\/privaatsusteade\/","og_locale":"fi_FI","og_type":"article","og_title":"TIETOSUOJAILMOITUS - Nautica","og_description":"Kauppakeskus Nautican osalta rekisterinpit\u00e4j\u00e4n\u00e4 toimii O\u00dc Nautica Keskus, yritystunnus 14616816, Ahtri 9,\u00a010151 Tallinna, puh. +372 615 4170, s\u00e4hk\u00f6postiosoite\u00a0info@nautica.ee. Henkil\u00f6tietojen suojaus ...","og_url":"https:\/\/www.nautica.ee\/fi\/privaatsusteade\/","og_site_name":"Nautica","article_publisher":"https:\/\/www.facebook.com\/nauticakeskus","article_modified_time":"2021-08-04T08:29:55+00:00","og_image":[{"width":2048,"height":1365,"url":"https:\/\/www.nautica.ee\/wp-content\/uploads\/2020\/04\/img_7434_v_maristomba.jpg","type":"image\/jpeg"}],"twitter_card":"summary_large_image","twitter_misc":{"Arvioitu lukuaika":"3 minuuttia"},"schema":{"@context":"https:\/\/schema.org","@graph":[{"@type":"WebPage","@id":"https:\/\/www.nautica.ee\/fi\/privaatsusteade\/","url":"https:\/\/www.nautica.ee\/fi\/privaatsusteade\/","name":"TIETOSUOJAILMOITUS - Nautica","isPartOf":{"@id":"https:\/\/www.nautica.ee\/#website"},"primaryImageOfPage":{"@id":"https:\/\/www.nautica.ee\/fi\/privaatsusteade\/#primaryimage"},"image":{"@id":"https:\/\/www.nautica.ee\/fi\/privaatsusteade\/#primaryimage"},"thumbnailUrl":"https:\/\/www.nautica.ee\/wp-content\/uploads\/2020\/04\/img_7434_v_maristomba.jpg","datePublished":"2018-07-09T11:35:38+00:00","dateModified":"2021-08-04T08:29:55+00:00","breadcrumb":{"@id":"https:\/\/www.nautica.ee\/fi\/privaatsusteade\/#breadcrumb"},"inLanguage":"fi","potentialAction":[{"@type":"ReadAction","target":["https:\/\/www.nautica.ee\/fi\/privaatsusteade\/"]}]},{"@type":"ImageObject","inLanguage":"fi","@id":"https:\/\/www.nautica.ee\/fi\/privaatsusteade\/#primaryimage","url":"https:\/\/www.nautica.ee\/wp-content\/uploads\/2020\/04\/img_7434_v_maristomba.jpg","contentUrl":"https:\/\/www.nautica.ee\/wp-content\/uploads\/2020\/04\/img_7434_v_maristomba.jpg","width":2048,"height":1365},{"@type":"BreadcrumbList","@id":"https:\/\/www.nautica.ee\/fi\/privaatsusteade\/#breadcrumb","itemListElement":[{"@type":"ListItem","position":1,"name":"Home","item":"https:\/\/www.nautica.ee\/fi\/"},{"@type":"ListItem","position":2,"name":"TIETOSUOJAILMOITUS"}]},{"@type":"WebSite","@id":"https:\/\/www.nautica.ee\/#website","url":"https:\/\/www.nautica.ee\/","name":"Nautica","description":"Naudinguteks loodud","publisher":{"@id":"https:\/\/www.nautica.ee\/#organization"},"potentialAction":[{"@type":"SearchAction","target":{"@type":"EntryPoint","urlTemplate":"https:\/\/www.nautica.ee\/?s={search_term_string}"},"query-input":{"@type":"PropertyValueSpecification","valueRequired":true,"valueName":"search_term_string"}}],"inLanguage":"fi"},{"@type":"Organization","@id":"https:\/\/www.nautica.ee\/#organization","name":"Nautica","url":"https:\/\/www.nautica.ee\/","logo":{"@type":"ImageObject","inLanguage":"fi","@id":"https:\/\/www.nautica.ee\/#\/schema\/logo\/image\/","url":"https:\/\/www.nautica.ee\/wp-content\/uploads\/2019\/07\/logo-rgb.jpg","contentUrl":"https:\/\/www.nautica.ee\/wp-content\/uploads\/2019\/07\/logo-rgb.jpg","width":4208,"height":5333,"caption":"Nautica"},"image":{"@id":"https:\/\/www.nautica.ee\/#\/schema\/logo\/image\/"},"sameAs":["https:\/\/www.facebook.com\/nauticakeskus","https:\/\/www.instagram.com\/nauticakeskus\/"]}]}},"_links":{"self":[{"href":"https:\/\/www.nautica.ee\/fi\/wp-json\/wp\/v2\/pages\/25180","targetHints":{"allow":["GET"]}}],"collection":[{"href":"https:\/\/www.nautica.ee\/fi\/wp-json\/wp\/v2\/pages"}],"about":[{"href":"https:\/\/www.nautica.ee\/fi\/wp-json\/wp\/v2\/types\/page"}],"author":[{"embeddable":true,"href":"https:\/\/www.nautica.ee\/fi\/wp-json\/wp\/v2\/users\/2"}],"replies":[{"embeddable":true,"href":"https:\/\/www.nautica.ee\/fi\/wp-json\/wp\/v2\/comments?post=25180"}],"version-history":[{"count":1,"href":"https:\/\/www.nautica.ee\/fi\/wp-json\/wp\/v2\/pages\/25180\/revisions"}],"predecessor-version":[{"id":25181,"href":"https:\/\/www.nautica.ee\/fi\/wp-json\/wp\/v2\/pages\/25180\/revisions\/25181"}],"wp:featuredmedia":[{"embeddable":true,"href":"https:\/\/www.nautica.ee\/fi\/wp-json\/wp\/v2\/media\/18417"}],"wp:attachment":[{"href":"https:\/\/www.nautica.ee\/fi\/wp-json\/wp\/v2\/media?parent=25180"}],"curies":[{"name":"wp","href":"https:\/\/api.w.org\/{rel}","templated":true}]}}